{"id":386,"date":"2021-07-10T18:57:54","date_gmt":"2021-07-10T16:57:54","guid":{"rendered":"https:\/\/demo.digitalpur.de\/woodemo1\/agb\/"},"modified":"2021-07-13T10:40:51","modified_gmt":"2021-07-13T08:40:51","slug":"agb","status":"publish","type":"page","link":"https:\/\/demo.digitalpur.de\/woodemo1\/agb\/","title":{"rendered":"AGB"},"content":{"rendered":"<p><strong>Allgemeine Gesch\u00e4ftsbedingungen (AGB)<\/strong><\/p>\n<p><strong>1. Geltungsbereich und Abwehrklausel<\/strong><br \/>\n(1) F\u00fcr die \u00fcber diese Webseite begr\u00fcndeten Rechtsbeziehungen zwischen dem Betreiber dieser Seite (nachfolgend \u201eAnbieter\u201c) und seinen Kunden gelten ausschlie\u00dflich die folgenden Allgemeinen Gesch\u00e4ftsbedingungen in der jeweiligen Fassung zum Zeitpunkt des Kaufes \/ der Anmietung.<br \/>\n(2) Die nachfolgenden Allgemeinen Gesch\u00e4ftsbedingungen gelten mit dem Kauf\/Anmietung als gelesen, verstanden und akzeptiert.<br \/>\n(3) F\u00fcr Produkte des Herstellers LMs gilt der Endbenutzer-Lizenzvertrag mit dem Kauf \/ der Anmietung als gelesen, verstanden und akzeptiert. Der Endbenutzer-Lizenzvertrag ist auf unserer Seite <a href=\"https:\/\/www.digitalpur.de\/wp-content\/uploads\/2019\/11\/Endbenutzer-Lizenzvertrag.pdf\" target=\"_blank\" rel=\"noopener noreferrer\">https:\/\/www.digitalpur.de\/wp-content\/uploads\/2019\/11\/Endbenutzer-Lizenzvertrag.pdf<\/a> verf\u00fcgbar.<br \/>\n(4) Abweichende Allgemeine Gesch\u00e4ftsbedingungen des Kunden werden zur\u00fcckgewiesen.<\/p>\n<p><strong>2. Mindestalter<\/strong><br \/>\nUm einen Kauf \/ eine Anmietung durchzuf\u00fchren m\u00fcssen Sie mindestens 18 Jahre alt sein. Der Kauf \/ die Anmietung der Ware ist rechtlich bindend.<\/p>\n<p><strong>3. Verwendung, Einsatzbereich<\/strong><br \/>\nEin Kauf \/ eine Anmietung kann nur von gewerblichen Personen ausgef\u00fchrt werden, denn die Ware ist nur f\u00fcr den Einsatz im gewerblichen Sektor vorgesehen.<\/p>\n<p><strong>4. Testen vor dem Kauf \/ der Anmietung (gilt nur f\u00fcr Produkte vom Hersteller LMs)<\/strong><br \/>\nAuf den Seiten <a href=\"https:\/\/www.cms-testserver.de\" target=\"_blank\" rel=\"noopener noreferrer\">www.cms-testserver.de<\/a> und kann jeder die Software 30 Tage kostenlos und unverbindlich testen. Zu jeder Software steht eine Testversion zur Verf\u00fcgung, die &#8211; bis auf wenige Ausnahmen &#8211; uneingeschr\u00e4nkt getestet werden kann. W\u00fcnschen Sie eine Testversion zu diesen beiden Produkten wenden Sie sich bitte an den Anbieter dieser Webseite.<br \/>\nDie Testversionen sind kostenlos und unverbindlich und werden nach 30 Tagen gel\u00f6scht. Kosten entstehen dem Nutzer keine sowie entsteht durch das Testen keine vertragliche Bindung.<\/p>\n<p><strong>5. Angebote und Preise<\/strong><br \/>\nS\u00e4mtliche Angebote und Preise sind freibleibend. F\u00fcr zus\u00e4tzliche Angebote gelten die aktuellen Preise.<\/p>\n<p><strong>6. Preise und Bezahlung<\/strong><br \/>\nAlle Preise sind in \u20ac (EURO) und enthalten bereits die derzeit g\u00fcltige Mehrwertsteuer. Eine Lieferung der Ware erfolgt prinzipiell erst nach Zahlung des offenen Betrages, muss also per Vorkasse ausgeglichen werden. Bei Anmietung der Software wird die Installation und die Bereitstellung nach Eingang des zu zahlenden Betrages der Bestellung durchgef\u00fchrt bzw. freigegeben.<\/p>\n<p><strong>7. Laufzeit bei Anmietung (gilt nur f\u00fcr Produkte vom Hersteller LMs)<\/strong><br \/>\nDie Mindestlaufzeit bei Anmietung der Software betr\u00e4gt 24 Monate. Die Laufzeit verl\u00e4ngert sich automatisch um 12 Monate, sofern der Kunde nicht 3 Monate vor Ablauf der Vertragslaufzeit k\u00fcndigt. Die Vertragslaufzeit beginnt mit dem Eingang des Betrages aus der Bestellung.<\/p>\n<p><strong>8. Eigentumsvorbehalt<\/strong><br \/>\n(1) Die gelieferte Ware verbleibt bis zur vollst\u00e4ndigen Bezahlung im Eigentum des Anbieters.<br \/>\n(2) Bei Software des Herstellers LMs erwirbt der Kunde mit dem Kauf eine Nutzungslizenz in Form einer Einzelplatz-Lizenz, die ihn befugt, die Software zu nutzen. Die Software selbst bleibt im Besitz des Herstellers.<br \/>\n(3) Bei Anmietung erwirbt der Kunde Nutzungslizenzen, die ihn befugt, die Software w\u00e4hrend der gesamten Laufzeit der Anmietung zu nutzen. Die Software selbst bleibt im Besitz des Herstellers.<\/p>\n<p><strong>9. Zahlungs- und Kaufabwicklung<\/strong><br \/>\nAls Zahlungsm\u00f6glichkeiten werden Bank\u00fcberweisung und Zahlung per PayPal angeboten.<\/p>\n<p><strong>9.a) Zahlungen per PayPal<\/strong><br \/>\nIm Bestellprozess werden Sie auf die Webseite des Online-Anbieters PayPal weitergeleitet. Um den Rechnungsbetrag \u00fcber PayPal bezahlen zu k\u00f6nnen, m\u00fcssen Sie dort registriert sein bzw. sich erst registrieren, mit Ihren Zugangsdaten legitimieren und die Zahlungsanweisung an uns best\u00e4tigen. Nach Abgabe der Bestellung im Shop fordern wir PayPal zur Einleitung der Zahlungstransaktion auf. Die Zahlungstransaktion wird durch PayPal unmittelbar danach automatisch durchgef\u00fchrt. Weitere Hinweise erhalten Sie beim Bestellvorgang.<\/p>\n<p><strong>10. Lieferung und Versand<\/strong><br \/>\n(1) Die Lieferung bzw. der Versand findet ausschlie\u00dflich per E-Mail statt oder wird als Download-Datei angeboten, sofern eine Installation nicht Bestandteil des Produktes ist. Ein Versand per Post ist wird nicht angeboten. Die Lieferung \/ Versand erfolgt i.d.R. werktags binnen 48 Stunden.<br \/>\n(2) Bei Kauf vom Hersteller LMs: Die Lieferung bzw. der Versand findet ausschlie\u00dflich per E-Mail statt oder wird als Download-Datei angeboten. Ein Versand per Post ist wird nicht angeboten. Die Lieferung \/ Versand erfolgt i.d.R. werktags binnen 48 Stunden.<br \/>\n(3) Bei Anmietung vom Hersteller LMs: Bei Anmietung wird die Software beim Anbieter auf dessen Server installiert und dem Kunden verf\u00fcgbar gemacht. I.d.R. erfolgt die Installation binnen 3 Werktagen.<\/p>\n<p><strong>11. Gew\u00e4hrleistung<\/strong><br \/>\n(1) Die Gew\u00e4hrleistungsrechte des Kunden richten sich nach den allgemeinen gesetzlichen Vorschriften, soweit nachfolgend nichts anderes bestimmt ist. F\u00fcr Schadensersatzanspr\u00fcche des Kunden gegen\u00fcber dem Anbieter gilt die Regelung in Punkt 12 dieser AGB.<br \/>\n(2) Die Verj\u00e4hrungsfrist f\u00fcr Gew\u00e4hrleistungsanspr\u00fcche des Kunden betr\u00e4gt bei Verbrauchern bei neu hergestellten Sachen 2 Jahre, bei gebrauchten Sachen 1 Jahr. Gegen\u00fcber Unternehmern betr\u00e4gt die Verj\u00e4hrungsfrist bei neu hergestellten Sachen und bei gebrauchten Sachen 1 Jahr. Die vorstehende Verk\u00fcrzung der Verj\u00e4hrungsfristen gilt nicht f\u00fcr Schadensersatzanspr\u00fcche des Kunden aufgrund einer Verletzung des Lebens, des K\u00f6rpers, der Gesundheit sowie f\u00fcr Schadensersatzanspr\u00fcche aufgrund einer Verletzung wesentlicher Vertragspflichten. Wesentliche Vertragspflichten sind solche, deren Erf\u00fcllung zur Erreichung des Ziels des Vertrags notwendig ist, z.B. hat der Anbieter dem Kunden die Sache frei von Sach- und Rechtsm\u00e4ngeln zu \u00fcbergeben und das Eigentum an ihr zu verschaffen. Die vorstehende Verk\u00fcrzung der Verj\u00e4hrungsfristen gilt ebenfalls nicht f\u00fcr Schadensersatzanspr\u00fcche, die auf einer vors\u00e4tzlichen oder grob fahrl\u00e4ssigen Pflichtverletzung des Anbieters, seiner gesetzlichen Vertreter oder Erf\u00fcllungsgehilfen beruhen. Gegen\u00fcber Unternehmern ebenfalls ausgenommen von der Verk\u00fcrzung der Verj\u00e4hrungsfristen ist der R\u00fcckgriffsanspruch nach \u00a7 478 BGB.<br \/>\n(3) Eine Garantie wird von dem Anbieter nicht erkl\u00e4rt.<\/p>\n<p><strong>12. Haftungsausschluss<\/strong><br \/>\n(1) Schadensersatzanspr\u00fcche des Kunden sind ausgeschlossen, soweit nachfolgend nichts anderes bestimmt ist. Der vorstehende Haftungsausschluss gilt auch zugunsten der gesetzlichen Vertreter und Erf\u00fcllungsgehilfen des Anbieters, sofern der Kunde Anspr\u00fcche gegen diese geltend macht.<br \/>\n(2) Von dem unter Ziffer 1 bestimmten Haftungsausschluss ausgenommen sind Schadensersatzanspr\u00fcche aufgrund einer Verletzung des Lebens, des K\u00f6rpers, der Gesundheit und Schadensersatzanspr\u00fcche aus der Verletzung wesentlicher Vertragspflichten. Wesentliche Vertragspflichten sind solche, deren Erf\u00fcllung zur Erreichung des Ziels des Vertrags notwendig ist, z.B. hat der Anbieter dem Kunden die Sache frei von Sach- und Rechtsm\u00e4ngeln zu \u00fcbergeben und das Eigentum an ihr zu verschaffen. Von dem Haftungsausschluss ebenfalls ausgenommen ist die Haftung f\u00fcr Sch\u00e4den, die auf einer vors\u00e4tzlichen oder grob fahrl\u00e4ssigen Pflichtverletzung des Anbieters, seiner gesetzlichen Vertreter oder Erf\u00fcllungsgehilfen beruhen.<br \/>\n(3) Der Anbieter \u00fcbernimmt keine Haftung f\u00fcr falsche oder fehlerhafte Eingaben, die vom Kunden in den entsprechenden Formularen zwecks Kauf der Ware eingegeben wurden.<\/p>\n<p><strong>13. Abtretungs- und Verpf\u00e4ndungsverbot<\/strong><br \/>\nDie Abtretung oder Verpf\u00e4ndung von dem Kunden gegen\u00fcber dem Anbieter zustehenden Anspr\u00fcchen oder Rechten ist ohne Zustimmung des Anbieters ausgeschlossen, sofern der Kunde nicht ein berechtigtes Interesse an der Abtretung oder Verpf\u00e4ndung nachweist.<\/p>\n<p><strong>14. Aufrechnung<\/strong><br \/>\nEin Aufrechnungsrecht des Kunden besteht nur, wenn seine zur Aufrechnung gestellte Forderung rechtskr\u00e4ftig festgestellt wurde oder unbestritten ist.<\/p>\n<p><strong>15. Widerrufsbelehrung<\/strong><br \/>\nVerbraucher ist jede nat\u00fcrliche Person, die ein Rechtsgesch\u00e4ft zu Zwecken abschlie\u00dft, die \u00fcberwiegend weder ihrer gewerblichen noch ihrer selbst\u00e4ndigen beruflichen T\u00e4tigkeit zugerechnet werden k\u00f6nnen. Alle von uns auf dieser Webseite angebotenen Artikel bieten wir ausschlie\u00dflich nur Unternehmer\/in (Gewerbetreibende\/r) f\u00fcr den gewerblichen Einsatz. Daher ist ein Widerrufsrecht ausgeschlossen.<\/p>\n<p><strong>16. Widerrufsrecht<\/strong><br \/>\nAlle von uns auf dieser Webseite angebotenen Artikel bieten wir ausschlie\u00dflich nur Unternehmer\/in (Gewerbetreibende\/r) f\u00fcr den gewerblichen Einsatz. Daher ist ein Widerrufsrecht ausgeschlossen.<\/p>\n<p><strong>17. Datenschutz<\/strong><br \/>\nIhre pers\u00f6nlichen Daten werden vertraulich und nach den derzeit geltenden Datenschutzbestimmungen behandelt und nicht an Dritte weitergegeben.<\/p>\n<p><strong>18. Nebenabsprachen, sonstige Bestimmungen, salvatorische Klausel<\/strong><br \/>\nM\u00fcndliche Nebenabsprachen sind ung\u00fcltig. Alle zus\u00e4tzlichen Vereinbarungen bed\u00fcrfen der Schriftform. Sollten Teile dieser Vereinbarung gegen g\u00fcltiges Recht oder anderen Bestimmungen versto\u00dfen, so wird diese Vereinbarung nicht ung\u00fcltig sondern durch rechtsg\u00fcltige, den Bestimmungen gerecht werdende Formulierungen ersetzt, so das sie dem Zweck dieser Vereinbarung entsprechen.<\/p>\n<p><strong>19. Rechtswahl und Gerichtsstand<\/strong><br \/>\n(1) Auf die vertraglichen Beziehungen zwischen dem Anbieter und dem Kunden findet das Recht der Bundesrepublik Deutschland Anwendung. Von dieser Rechtswahl ausgenommen sind die zwingenden Verbraucherschutzvorschriften des Landes, in dem der Kunde seinen gew\u00f6hnlichen Aufenthalt hat. Die Anwendung des UN-Kaufrechts ist ausgeschlossen.<br \/>\n(2) Gerichtsstand f\u00fcr alle Streitigkeiten aus dem Vertragsverh\u00e4ltnis zwischen dem Kunden und dem Anbieter ist der Sitz des Anbieters, sofern es sich bei dem Kunden um einen Kaufmann, eine juristische Person des \u00f6ffentlichen Rechts oder ein \u00f6ffentlich-rechtliches Sonderverm\u00f6gen handelt.<\/p>\n<p>Stand: 15. April 2019<\/p>\n","protected":false},"excerpt":{"rendered":"<p>Allgemeine Gesch\u00e4ftsbedingungen (AGB) 1. Geltungsbereich und Abwehrklausel (1) F\u00fcr die \u00fcber diese Webseite begr\u00fcndeten Rechtsbeziehungen zwischen dem Betreiber dieser Seite (nachfolgend \u201eAnbieter\u201c) und seinen Kunden gelten ausschlie\u00dflich die folgenden Allgemeinen Gesch\u00e4ftsbedingungen in der jeweiligen Fassung zum Zeitpunkt des Kaufes \/ der Anmietung. (2) Die nachfolgenden Allgemeinen Gesch\u00e4ftsbedingungen gelten mit dem Kauf\/Anmietung als gelesen, verstanden und [&hellip;]<\/p>\n","protected":false},"author":1,"featured_media":0,"parent":0,"menu_order":0,"comment_status":"closed","ping_status":"closed","template":"","meta":[],"_links":{"self":[{"href":"https:\/\/demo.digitalpur.de\/woodemo1\/wp-json\/wp\/v2\/pages\/386"}],"collection":[{"href":"https:\/\/demo.digitalpur.de\/woodemo1\/wp-json\/wp\/v2\/pages"}],"about":[{"href":"https:\/\/demo.digitalpur.de\/woodemo1\/wp-json\/wp\/v2\/types\/page"}],"author":[{"embeddable":true,"href":"https:\/\/demo.digitalpur.de\/woodemo1\/wp-json\/wp\/v2\/users\/1"}],"replies":[{"embeddable":true,"href":"https:\/\/demo.digitalpur.de\/woodemo1\/wp-json\/wp\/v2\/comments?post=386"}],"version-history":[{"count":2,"href":"https:\/\/demo.digitalpur.de\/woodemo1\/wp-json\/wp\/v2\/pages\/386\/revisions"}],"predecessor-version":[{"id":413,"href":"https:\/\/demo.digitalpur.de\/woodemo1\/wp-json\/wp\/v2\/pages\/386\/revisions\/413"}],"wp:attachment":[{"href":"https:\/\/demo.digitalpur.de\/woodemo1\/wp-json\/wp\/v2\/media?parent=386"}],"curies":[{"name":"wp","href":"https:\/\/api.w.org\/{rel}","templated":true}]}}